{"id":1668,"date":"2026-03-12T22:10:05","date_gmt":"2026-03-12T22:10:05","guid":{"rendered":"https:\/\/brinar.mx\/?page_id=1668"},"modified":"2026-04-15T21:58:54","modified_gmt":"2026-04-15T21:58:54","slug":"contact","status":"publish","type":"page","link":"https:\/\/brinar.mx\/es\/contact\/","title":{"rendered":""},"content":{"rendered":"<div class=\"wp-block-uagb-container uagb-block-kjhrcchz default uagb-is-root-container\">\n<div class=\"wp-block-uagb-info-box uagb-block-ttyw7pfe uagb-infobox__content-wrap  uagb-infobox-icon-above-title uagb-infobox-image-valign-top\"><div class=\"uagb-ifb-content\"><div class=\"uagb-ifb-title-wrap\"><h1 class=\"uagb-ifb-title\">Cont\u00e1ctanos<\/h1><\/div><p class=\"uagb-ifb-desc\">Ponte en contacto con nuestro equipo de ventas para obtener informaci\u00f3n sobre productos, especificaciones t\u00e9cnicas y cotizaciones relacionadas con el acero BRINAR\u00ae resistente al desgaste.\nEstamos listos para apoyar tus proyectos en miner\u00eda, maquinaria pesada y aplicaciones industriales.<\/p><\/div><\/div>\n\n\n\n<div class=\"wp-block-uagb-container uagb-block-ggacjsa9\">\n<div class=\"wp-block-uagb-container uagb-block-5yzu9595\">\n<div class=\"wp-block-uagb-info-box uagb-block-lk367ogc uagb-infobox__content-wrap  uagb-infobox-icon-left uagb-infobox-left uagb-infobox-stacked-tablet uagb-infobox-image-valign-top\"><div class=\"uagb-ifb-icon-wrap\"><div class=\"uagb-iconbox-icon-wrap uagb-infobox-shape-circle\"><svg xmlns=\"https:\/\/www.w3.org\/2000\/svg\" viewbox=\"0 0 512 512\"><path d=\"M511.2 387l-23.25 100.8c-3.266 14.25-15.79 24.22-30.46 24.22C205.2 512 0 306.8 0 54.5c0-14.66 9.969-27.2 24.22-30.45l100.8-23.25C139.7-2.602 154.7 5.018 160.8 18.92l46.52 108.5c5.438 12.78 1.77 27.67-8.98 36.45L144.5 207.1c33.98 69.22 90.26 125.5 159.5 159.5l44.08-53.8c8.688-10.78 23.69-14.51 36.47-8.975l108.5 46.51C506.1 357.2 514.6 372.4 511.2 387z\"><\/path><\/svg><\/div><\/div><div class=\"uagb-ifb-content\"><div class=\"uagb-ifb-title-wrap\"><p class=\"uagb-ifb-title\">WhatsApp<\/p><\/div><p class=\"uagb-ifb-desc\"><a href=\"https:\/\/wa.me\/5218128711484?text=Hello%20I%20am%20interested%20in%20your%20steel\">+52 81 2871 1484<\/a><\/p><\/div><\/div>\n<\/div>\n\n\n\n<div class=\"wp-block-uagb-container uagb-block-f4cjmgep\">\n<div class=\"wp-block-uagb-info-box uagb-block-6fo4q6jl uagb-infobox__content-wrap  uagb-infobox-icon-left uagb-infobox-left uagb-infobox-stacked-tablet uagb-infobox-image-valign-top\"><div class=\"uagb-ifb-icon-wrap\"><div class=\"uagb-iconbox-icon-wrap uagb-infobox-shape-circle\"><svg xmlns=\"https:\/\/www.w3.org\/2000\/svg\" viewbox=\"0 0 512 512\"><path d=\"M464 64C490.5 64 512 85.49 512 112C512 127.1 504.9 141.3 492.8 150.4L275.2 313.6C263.8 322.1 248.2 322.1 236.8 313.6L19.2 150.4C7.113 141.3 0 127.1 0 112C0 85.49 21.49 64 48 64H464zM217.6 339.2C240.4 356.3 271.6 356.3 294.4 339.2L512 176V384C512 419.3 483.3 448 448 448H64C28.65 448 0 419.3 0 384V176L217.6 339.2z\"><\/path><\/svg><\/div><\/div><div class=\"uagb-ifb-content\"><div class=\"uagb-ifb-title-wrap\"><p class=\"uagb-ifb-title\">Email<\/p><\/div><p class=\"uagb-ifb-desc\">sergio.castillo@szmh-group.com<\/p><\/div><\/div>\n<\/div>\n\n\n\n<div class=\"wp-block-uagb-container uagb-block-hgomi9w0\">\n<div class=\"wp-block-uagb-info-box uagb-block-r0zpcfiu uagb-infobox__content-wrap  uagb-infobox-icon-left uagb-infobox-left uagb-infobox-stacked-tablet uagb-infobox-image-valign-top\"><div class=\"uagb-ifb-icon-wrap\"><div class=\"uagb-iconbox-icon-wrap uagb-infobox-shape-circle\"><svg xmlns=\"https:\/\/www.w3.org\/2000\/svg\" viewbox=\"0 0 384 512\"><path d=\"M168.3 499.2C116.1 435 0 279.4 0 192C0 85.96 85.96 0 192 0C298 0 384 85.96 384 192C384 279.4 267 435 215.7 499.2C203.4 514.5 180.6 514.5 168.3 499.2H168.3zM192 256C227.3 256 256 227.3 256 192C256 156.7 227.3 128 192 128C156.7 128 128 156.7 128 192C128 227.3 156.7 256 192 256z\"><\/path><\/svg><\/div><\/div><div class=\"uagb-ifb-content\"><div class=\"uagb-ifb-title-wrap\"><p class=\"uagb-ifb-title\">DIRECCI\u00d3N<\/p><\/div><p class=\"uagb-ifb-desc\">Carr. a Reynosa Km 14.5<br>Ju\u00e1rez, Nuevo Le\u00f3n, M\u00e9xico<\/p><\/div><\/div>\n<\/div>\n<\/div>\n\n\n\t\t\t<div \n\t\t\tclass=\"wp-block-uagb-google-map uagb-google-map__wrap uagb-block-quaakia4\"\n\t\t\tstyle=\"\" >\n\t\t\t\t<embed\n\t\t\t\t\tclass=\"uagb-google-map__iframe\"\n\t\t\t\t\ttitle=\"Google Map for \"\n\t\t\t\t\tsrc=\"https:\/\/maps.google.com\/maps?q=aamsa%20Carr.%20a%20Reynosa%20Km%2014.5%2C%20Ju%C3%A1rez%2C%20Nuevo%20Le%C3%B3n&#038;z=12&#038;hl=en&#038;t=m&#038;output=embed&#038;iwloc=near\"\n\t\t\t\t\twidth=\"640\"\n\t\t\t\t\theight=\"350\"\n\t\t\t\t\tloading=\"lazy\"\n\t\t\t\t><\/embed>\n\t\t\t<\/div>\n\t\t\t<\/div>\n\n\n\n<div class=\"wp-block-uagb-container uagb-block-9olbhwnf alignfull uagb-is-root-container\"><\/div>\n\n\n\n<div class=\"wp-block-uagb-container uagb-block-f4dnrewe alignfull uagb-is-root-container\">\n<div class=\"wp-block-uagb-info-box uagb-block-e1ssfhiz uagb-infobox__content-wrap  uagb-infobox-icon-above-title uagb-infobox-image-valign-top\"><div class=\"uagb-ifb-content\"><div class=\"uagb-ifb-title-wrap\"><h2 class=\"uagb-ifb-title\">Env\u00edanos un mensaje<\/h2><\/div><p class=\"uagb-ifb-desc\">Por favor completa el formulario y nuestro equipo de ventas se pondr\u00e1 en contacto contigo lo antes posible.<\/p><\/div><\/div>\n\n\n\n<div class=\"wp-block-uagb-container uagb-block-1j3dkhvb\">\n<div class=\"wp-block-uagb-forms uagb-forms__outer-wrap uagb-block-mnzqk6sn uagb-forms__default-btn\"><form class=\"uagb-forms-main-form\" method=\"post\" autocomplete=\"on\" name=\"uagb-form-mnzqk6sn\" action=\"\">\n<div class=\"wp-block-uagb-forms-name uagb-forms-name-wrap uagb-forms-field-set uagb-block-dwkpryld uag-col-2\"><div class=\"uagb-forms-name-label required uagb-forms-input-label\" id=\"dwkpryld\">Nombre<\/div><input type=\"text\" placeholder=\"\" required class=\"uagb-forms-name-input uagb-forms-input\" name=\"dwkpryld\" autocomplete=\"given-name\"\/><\/div>\n\n\n\n<div class=\"wp-block-uagb-forms-name uagb-forms-name-wrap uagb-forms-field-set uagb-block-cjnevii4 uag-col-2\"><div class=\"uagb-forms-name-label required uagb-forms-input-label\" id=\"cjnevii4\">Apellido<\/div><input type=\"text\" placeholder=\"\" required class=\"uagb-forms-name-input uagb-forms-input\" name=\"cjnevii4\" autocomplete=\"family-name\"\/><\/div>\n\n\n\n<div class=\"wp-block-uagb-forms-email uagb-forms-email-wrap uagb-forms-field-set uagb-block-24qf1cpo\"><div class=\"uagb-forms-email-label required uagb-forms-input-label\" id=\"24qf1cpo\">Email<\/div><input type=\"email\" class=\"uagb-forms-email-input uagb-forms-input\" placeholder=\"\" required name=\"24qf1cpo\" autocomplete=\"email\"\/><\/div>\n\n\n\n<div class=\"wp-block-uagb-forms-textarea uagb-forms-textarea-wrap uagb-forms-field-set uagb-block-xzzeetip\"><div class=\"uagb-forms-textarea-label required uagb-forms-input-label\" id=\"xzzeetip\">Mensaje<\/div><textarea required class=\"uagb-forms-textarea-input uagb-forms-input\" rows=\"6\" placeholder=\"\" name=\"xzzeetip\" autocomplete=\"off\"><\/textarea><\/div>\n<div class=\"uagb-forms-form-hidden-data\"><input type=\"hidden\" class=\"uagb_forms_form_label\" value=\"Spectra Form\"\/><input type=\"hidden\" class=\"uagb_forms_form_id\" value=\"uagb-form-mnzqk6sn\"\/><\/div><div class=\"uagb-form-reacaptcha-error-mnzqk6sn\"><\/div><div class=\"uagb-forms-main-submit-button-wrap wp-block-button\"><button class=\"uagb-forms-main-submit-button wp-block-button__link\"><div class=\"uagb-forms-main-submit-button-text\">ENVIAR MENSAJE<\/div><\/button><\/div><input type=\"hidden\" name=\"trp-form-language\" value=\"es\"\/><\/form><div class=\"uagb-forms-success-message-mnzqk6sn uagb-forms-submit-message-hide\"><span>The form has been submitted successfully!<\/span><\/div><div class=\"uagb-forms-failed-message-mnzqk6sn uagb-forms-submit-message-hide\"><span>There has been some error while submitting the form. Please verify all form fields again.<\/span><\/div><\/div>\n<\/div>\n<\/div>","protected":false},"excerpt":{"rendered":"","protected":false},"author":1,"featured_media":0,"parent":0,"menu_order":0,"comment_status":"closed","ping_status":"closed","template":"","meta":{"pagelayer_contact_templates":[],"_pagelayer_content":"","_uag_custom_page_level_css":"","footnotes":""},"class_list":["post-1668","page","type-page","status-publish","hentry"],"uagb_featured_image_src":{"full":false,"thumbnail":false,"medium":false,"medium_large":false,"large":false,"1536x1536":false,"2048x2048":false,"trp-custom-language-flag":false},"uagb_author_info":{"display_name":"admin","author_link":"https:\/\/brinar.mx\/es\/author\/admin\/"},"uagb_comment_info":0,"uagb_excerpt":null,"_links":{"self":[{"href":"https:\/\/brinar.mx\/es\/wp-json\/wp\/v2\/pages\/1668","targetHints":{"allow":["GET"]}}],"collection":[{"href":"https:\/\/brinar.mx\/es\/wp-json\/wp\/v2\/pages"}],"about":[{"href":"https:\/\/brinar.mx\/es\/wp-json\/wp\/v2\/types\/page"}],"author":[{"embeddable":true,"href":"https:\/\/brinar.mx\/es\/wp-json\/wp\/v2\/users\/1"}],"replies":[{"embeddable":true,"href":"https:\/\/brinar.mx\/es\/wp-json\/wp\/v2\/comments?post=1668"}],"version-history":[{"count":25,"href":"https:\/\/brinar.mx\/es\/wp-json\/wp\/v2\/pages\/1668\/revisions"}],"predecessor-version":[{"id":1915,"href":"https:\/\/brinar.mx\/es\/wp-json\/wp\/v2\/pages\/1668\/revisions\/1915"}],"wp:attachment":[{"href":"https:\/\/brinar.mx\/es\/wp-json\/wp\/v2\/media?parent=1668"}],"curies":[{"name":"wp","href":"https:\/\/api.w.org\/{rel}","templated":true}]}}